{"id":60,"date":"2015-07-06T22:15:27","date_gmt":"2015-07-06T22:15:27","guid":{"rendered":"http:\/\/fsil.fi\/fybil\/?page_id=60"},"modified":"2015-07-06T22:15:27","modified_gmt":"2015-07-06T22:15:27","slug":"volume-20","status":"publish","type":"page","link":"http:\/\/fsil.fi\/fybil\/volume-20\/","title":{"rendered":"Volume 20 (2009)"},"content":{"rendered":"<div class=\"entry-content\">\n<h3>General Section<\/h3>\n<p><strong>Martti Koskenniemi<\/strong><br \/>\nAnniversary Article\u2014FYBIL 20 Years On: The Case for Comparative International Law | 1<\/p>\n<p><strong>Viljam Engstr\u00f6m<\/strong><br \/>\nInternational Organizations, Constitutionalism and Reform | 9<\/p>\n<p><strong>Pekka Niemel\u00e4<\/strong><br \/>\nThe Day in the Life of Responsibility to Protect | 35<\/p>\n<p><strong>Magdalena Kmak<\/strong><br \/>\nLimits of Sovereignty? Rethinking the Conflict between Human Rights and Immigration in the European Union | 53<\/p>\n<p><strong>Stiina L\u00f6yt\u00f6m\u00e4ki<\/strong><br \/>\nThe Question of Collective Responsibility of France for Crimes Committed under Vichy | 83<\/p>\n<p><strong>Dimitris Efthymiou<\/strong><br \/>\nClimate Change, Human Rights and Distributive Justice | 111<\/p>\n<p><strong>Phoebe Okowa<\/strong><br \/>\nState and Individual Responsibility in International Conflicts: Contours of an Evolving Relationship | 143<\/p>\n<p><strong>Ragnar Nordeide<\/strong><br \/>\nFragmentation and the Leeway of the VCLT: Interpreting the ECHR in Light of Other International Law | 189<\/p>\n<h3>Special Section: Changing Futures? Science and International Law<\/h3>\n<p><strong>Jan Klabbers<\/strong><br \/>\nIntroduction to Special Theme\u2014Changing Futures? Science and International Law | 211<\/p>\n<p><strong>Allan Rosas<\/strong><br \/>\nThe Death of International Law? | 215<\/p>\n<p><strong>Anna Riddel<\/strong><br \/>\nScientific Evidence in the International Court of Justice: Problems and Possibilities | 229<\/p>\n<p><strong>C\u00e9line L\u00e9vesque<\/strong><br \/>\nScience in the Hands of International Investment Tribunals: A Case for \u2018Scientific due Process\u2019 | 259<\/p>\n<p><strong>Maria Weimer<\/strong><br \/>\nPolicy Choice versus Science in Regulating Animal Cloning under the WTO Law | 291<\/p>\n<p><strong>Dhrubajyoti Bhattacharya<\/strong><br \/>\nA. S. v. Hungary: A Case-Study in Adjucating Reproductive Health Claims and the Challenges posed by Interpreting Existent Human Rights Treaties | 333<\/p>\n<p><strong>Lisa Clarke<\/strong><br \/>\nGlobal Health Public-Private Partnerships: Better Protecting against Disease but Creating a Gap in Responsibility under International Law | 349<\/p>\n<p><strong>Sophie Gambardella<\/strong><br \/>\nThe Role of Scientific Committees Within Regional Fishing Commissions | 373<\/p>\n<p><strong>Caroline E. Foster<\/strong><br \/>\nThe Consultation of Independent Experts by International Courts and Tribunals in Health and Environment Cases | 391<\/p>\n<h3>Book Reviews &amp; Review Essays<\/h3>\n<p>I.H. Ph. Diederiks-Verschoor and Vladimir Kopal, <em>An Introduction to Space Law<\/em> (<strong>Jan Klabbers<\/strong>) | 421<\/p>\n<p>William Twining (ed), <em>Human Rights, Southern Voices: Francis Deng, Abdullahi An-Nai\u2019m, Yash Gai and Upendra Baxi<\/em> (<strong>Ukri Soirila<\/strong>)| 424<\/p>\n<p>Andrew Fagan, <em>Human Righs: Confronting Myths and Misunderstandings<\/em> (<strong>Varro Vooglaid<\/strong>) | 429<\/p>\n<h3>New Finnish Doctoral Dissertations in International Law<\/h3>\n<p><strong>Timo Makkonen<\/strong><br \/>\nEqual in Law, Unequal in Fact: Racial and Ethnic Discrimination and the Legal Response thereto in Europe | 439<\/p>\n<p>Statement by <strong>Cristopher McCrudden<\/strong> | 443<\/p>\n<p><strong>Venla Roth<\/strong><br \/>\nDefining Human Trafficking, Identifying Its Victims: A Study on the Impact and Future Challenges of the International, European and Finnish Legal Response to Prostitution-Related Trafficking in Human Beings | 450<\/p>\n<p>Statement by <strong>Ineke Boerefijn<\/strong> | 455<\/p>\n<p><strong>Kim Talus<\/strong><br \/>\nVertical Natural Gas Transportation Capacity, Upstream Commodity Contracts and EU Competition Law | 459<\/p>\n<p>Statement by <strong>Leigh Hancher<\/strong> | 464<\/p>\n<p>Ius Gentium Association | 467<\/p>\n<\/div>\n","protected":false},"excerpt":{"rendered":"<p>General Section Martti Koskenniemi Anniversary Article\u2014FYBIL 20 Years On: The Case for Comparative International Law | 1 Viljam Engstr\u00f6m International Organizations, Constitutionalism and Reform | 9 Pekka Niemel\u00e4 The Day in the Life of Responsibility to Protect | 35 Magdalena Kmak Limits of Sovereignty? Rethinking the Conflict between Human Rights and Immigration in the European &hellip; <a href=\"http:\/\/fsil.fi\/fybil\/volume-20\/\" class=\"more-link\">Continue reading<span class=\"screen-reader-text\"> &#8220;Volume 20 (2009)&#8221;<\/span><\/a><\/p>\n","protected":false},"author":3,"featured_media":0,"parent":0,"menu_order":0,"comment_status":"closed","ping_status":"open","template":"","meta":{"footnotes":""},"class_list":["post-60","page","type-page","status-publish","hentry"],"_links":{"self":[{"href":"http:\/\/fsil.fi\/fybil\/wp-json\/wp\/v2\/pages\/60","targetHints":{"allow":["GET"]}}],"collection":[{"href":"http:\/\/fsil.fi\/fybil\/wp-json\/wp\/v2\/pages"}],"about":[{"href":"http:\/\/fsil.fi\/fybil\/wp-json\/wp\/v2\/types\/page"}],"author":[{"embeddable":true,"href":"http:\/\/fsil.fi\/fybil\/wp-json\/wp\/v2\/users\/3"}],"replies":[{"embeddable":true,"href":"http:\/\/fsil.fi\/fybil\/wp-json\/wp\/v2\/comments?post=60"}],"version-history":[{"count":0,"href":"http:\/\/fsil.fi\/fybil\/wp-json\/wp\/v2\/pages\/60\/revisions"}],"wp:attachment":[{"href":"http:\/\/fsil.fi\/fybil\/wp-json\/wp\/v2\/media?parent=60"}],"curies":[{"name":"wp","href":"https:\/\/api.w.org\/{rel}","templated":true}]}}