{"id":75,"date":"2015-07-06T22:22:20","date_gmt":"2015-07-06T22:22:20","guid":{"rendered":"http:\/\/fsil.fi\/fybil\/?page_id=75"},"modified":"2015-07-06T22:22:20","modified_gmt":"2015-07-06T22:22:20","slug":"volume-13","status":"publish","type":"page","link":"http:\/\/fsil.fi\/fybil\/volume-13\/","title":{"rendered":"Volume 13 (2002)"},"content":{"rendered":"<div class=\"entry-content\">\n<h3>Symposium: Fundamental Aspects of Human Rights<\/h3>\n<p><strong>Martti Koskenniemi<\/strong><br \/>\nIntroduction to the Human Rights Symposium | 3<\/p>\n<p><strong>Timothy Endicott<\/strong><br \/>\nInternational Meaning: Comity in Fundamental Rights Adjudication | 5<\/p>\n<p><strong>Mar\u00eda Jos\u00e9 Falc\u00f3n y Tella<\/strong><br \/>\nLegal Justification for Civil Disobedience? | 19<\/p>\n<p><strong>Alfred Fernandez<\/strong><br \/>\nFrom an Idea to a Culture of Human Rights: Human Rights in the 21st Century | 35<\/p>\n<p><strong>Philippe G\u00e9rard<\/strong><br \/>\nHuman Rights and Democracy | 51<\/p>\n<p><strong>Jan Klabbers<\/strong><br \/>\nGlorified Esperanto? Rethinking Human Rights | 63<\/p>\n<p><strong>Martti Koskenniemi<\/strong><br \/>\nHuman Rights, Politics, and Love | 79<\/p>\n<p><strong>Paul Gordon Lauren<\/strong><br \/>\nThe Evolution of International Human Rights and International Law | 95<\/p>\n<p><strong>Tecla Mazzarese<\/strong><br \/>\nIs the Age of Rights at a Turning Point? | 107<\/p>\n<h3>Articles<\/h3>\n<p><strong>Michael A. Mehling<\/strong><br \/>\nBetwixt Scylla and Charybdis: The Concept of Effectiveness in International Environmental Law | 129<\/p>\n<p><strong>Dietrich Murswiek<\/strong><br \/>\nThe American Strategy of Pre-emptive War and International Law | 183<\/p>\n<p><strong>Robin Nordblad<\/strong><br \/>\nEnforcement of World Trade Organization Law | 201<\/p>\n<p><strong>Maria Pohjanpalo<\/strong><br \/>\nL\u2019affaire des otages de l\u2019\u00eele de Jolo du point de vue de la responsabilit\u00e9 internationale | 245<\/p>\n<p><strong>Jutta Brunn\u00e9e and Stephen J. Toope<\/strong><br \/>\nPersuasion and Enforcement: Explaining Compliance with International Law | 273<\/p>\n<h3>Book Reviews &amp; Review Articles<\/h3>\n<p>Harry Jansson and Johannes Salminen (eds), <em>The Second \u00c5land Islands Question: Autonomy or Independence?<\/em> (<strong>Ove Bring<\/strong>) | 299<\/p>\n<p>Sarah Dromgoole (ed.), <em>Legal Protection of the Underwater Cultural Heritage; National and International Perspectives<\/em>; Patrick J. O\u2019Keefe, <em>Shipwrecked Heritage: A Commentary on the UNESCO Convention on Underwater Cultural Heritage<\/em> (<strong>Kari Hakap\u00e4\u00e4<\/strong>) | 302<\/p>\n<p>Gregor Noll, <em>Negotiating Asylum: The EU Acquis, Extraterritorial Protection and the Common Market of Deflection<\/em> (<strong>P\u00e4ivi Leino<\/strong>) | 305<\/p>\n<p>David J. Bederman, <em>International Law in Antiquity<\/em> (<strong>Anna Pietil\u00e4inen<\/strong>) | 322<\/p>\n<p>Antonio Cassese, <em>International Law<\/em> (<strong>Jarna Petman<\/strong>) | 328<\/p>\n<h3>A New Finnish Doctoral Dissertation in International Law<\/h3>\n<p><strong>Tarja L\u00e5ngstr\u00f6m<\/strong><br \/>\nTransformation in Russia and International Law (<em>lectio praecursoria<\/em>, 18 May 2002) | 352<\/p>\n<p>Statement by <strong>Rein M\u00fcllerson<\/strong> | 359<\/p>\n<h3>Recent Developments and State Practice<\/h3>\n<p><strong>Anna Sotaniemi<\/strong><br \/>\nElements of Finnish Practice 2002 | 371<\/p>\n<\/div>\n","protected":false},"excerpt":{"rendered":"<p>Symposium: Fundamental Aspects of Human Rights Martti Koskenniemi Introduction to the Human Rights Symposium | 3 Timothy Endicott International Meaning: Comity in Fundamental Rights Adjudication | 5 Mar\u00eda Jos\u00e9 Falc\u00f3n y Tella Legal Justification for Civil Disobedience? | 19 Alfred Fernandez From an Idea to a Culture of Human Rights: Human Rights in the 21st &hellip; <a href=\"http:\/\/fsil.fi\/fybil\/volume-13\/\" class=\"more-link\">Continue reading<span class=\"screen-reader-text\"> &#8220;Volume 13 (2002)&#8221;<\/span><\/a><\/p>\n","protected":false},"author":3,"featured_media":0,"parent":0,"menu_order":0,"comment_status":"closed","ping_status":"open","template":"","meta":{"footnotes":""},"class_list":["post-75","page","type-page","status-publish","hentry"],"_links":{"self":[{"href":"http:\/\/fsil.fi\/fybil\/wp-json\/wp\/v2\/pages\/75","targetHints":{"allow":["GET"]}}],"collection":[{"href":"http:\/\/fsil.fi\/fybil\/wp-json\/wp\/v2\/pages"}],"about":[{"href":"http:\/\/fsil.fi\/fybil\/wp-json\/wp\/v2\/types\/page"}],"author":[{"embeddable":true,"href":"http:\/\/fsil.fi\/fybil\/wp-json\/wp\/v2\/users\/3"}],"replies":[{"embeddable":true,"href":"http:\/\/fsil.fi\/fybil\/wp-json\/wp\/v2\/comments?post=75"}],"version-history":[{"count":0,"href":"http:\/\/fsil.fi\/fybil\/wp-json\/wp\/v2\/pages\/75\/revisions"}],"wp:attachment":[{"href":"http:\/\/fsil.fi\/fybil\/wp-json\/wp\/v2\/media?parent=75"}],"curies":[{"name":"wp","href":"https:\/\/api.w.org\/{rel}","templated":true}]}}