{"id":77,"date":"2015-07-06T22:33:04","date_gmt":"2015-07-06T22:33:04","guid":{"rendered":"http:\/\/fsil.fi\/fybil\/?page_id=77"},"modified":"2015-07-06T22:33:04","modified_gmt":"2015-07-06T22:33:04","slug":"volume-12","status":"publish","type":"page","link":"http:\/\/fsil.fi\/fybil\/volume-12\/","title":{"rendered":"Volume 12 (2001)"},"content":{"rendered":"<div class=\"entry-content\">\n<h3>Symposium: Justice without Borders? Externalizing Criminal Punishment for Past Atrocities<\/h3>\n<p><strong>Chandra Lekha Sriram &amp; Brad R. Roth (editors)<\/strong><br \/>\nIntroduction: Externalization of Justice: What Does It Mean and What Is at Stake? | 3<\/p>\n<p><strong>Amy Ross<\/strong><br \/>\nGeographies of Justice: International Law, National Sovereignty and Human Rights | 7<\/p>\n<p><strong>Brad R. Roth<\/strong><br \/>\nAnti-Sovereigntism, Liberal Messianism, and Excesses in the Drive against Impunity | 17<\/p>\n<p><strong>Chandra Lekha Sriram<\/strong><br \/>\nUniversal Jurisdiction: Problems and Prospects of Externalizing Justice | 47<\/p>\n<p><strong>Jamie Mayerfeld<\/strong><br \/>\nThe Mutual Dependence of External and Internal Justice: The Democratic Achievement of the International Criminal Court | 71<\/p>\n<p><strong>Madeline Morris<\/strong><br \/>\nThe Disturbing Democratic Defect of the International Criminal Court | 109<\/p>\n<p><strong>Mark Drumbl<\/strong><br \/>\nJuridical and Jurisdictional Disconnects | 119<\/p>\n<p><strong>Simon Chesterman<\/strong><br \/>\nJustice under International Administration: Kosovo, East Timor and Afghanistan | 143<\/p>\n<p><strong>Nehal Bhuta<\/strong><br \/>\nGreat Expectations: East Timor and the Vicissitudes of Externalised Justice | 165<\/p>\n<h3>Articles<\/h3>\n<p><strong>Fr\u00e9d\u00e9ric M\u00e9gret<\/strong><br \/>\nThree Dangers for the International Criminal Court: A Critical Look at a Consensual Project | 193<\/p>\n<p><strong>Jan Klabbers<\/strong><br \/>\nJust Revenge? The Deterrence Argument in International Criminal Law | 249<\/p>\n<p><strong>Felix Herzog<\/strong><br \/>\nSentencing in International Law | 269<\/p>\n<p><strong>Florian Jessberger<\/strong><br \/>\nProsecuting International Crimes in Domestic Courts: A Look Back Ahead | 281<\/p>\n<p><strong>Virpi Koivu<\/strong><br \/>\nHead-of-State Immunity v. Individual Criminal Responsibility under International Law | 305<\/p>\n<p><strong>Duncan Adrian French<\/strong><br \/>\nThe Interaction of Community and International Law: Similar, but Different, of Just DIfferent? | 331<\/p>\n<p><strong>Christine Gray &amp; Simon Olleson<\/strong><br \/>\nThe Limits of the Law on the Use of Force: Turkey, Iraq and the Kurds | 355<\/p>\n<h3>Book Reviews<\/h3>\n<p>Hilary Charlesworth &amp; Christine Chinkin, <em>The Boundaries of International Law: A Feminist Analysis <\/em>(<strong>Anja Lindroos &amp; Merja Pentik\u00e4inen<\/strong>) | 411<\/p>\n<p>Pieter H.F. Bekker, <em>World Court Decisions at the Turn of the Millennium (1997\u20132001)<\/em>; Pieter H.F. Bekker, <em>Commentaries on World Court Decisions (1987\u20131996)<\/em> (<strong>Ruth Donner<\/strong>) | 418<\/p>\n<p>William A. Schabas, <em>Genocide in International Law: The Crime of Crimes<\/em> (<strong>Marja Lehto<\/strong>) | 420<\/p>\n<p>Eyassu Gayim, <em>The Concept of Minority in International Law: A Critical Study of the Vital Elements<\/em> (<strong>Timo Koivurova<\/strong>) | 426<\/p>\n<p>Michael Hardt &amp; Antonio Negri, <em>Empire<\/em> (<strong>Tommi Ralli<\/strong>) | 429<\/p>\n<p>Nicholas K. Tsagourias, <em>Jurisprudence of International Law: The Humanitarian Dimension<\/em> (<strong>P\u00e5l Wrange<\/strong>) | 432<\/p>\n<p>Outi Korhonen, <em>International Law Situated: An Analysis of the Lawyer\u2019s Stance Towards Culture, History and Community<\/em> (<strong>Susan Marks<\/strong>) | 436<\/p>\n<h3>New Finnish Doctoral Dissertation in International Law<\/h3>\n<p><strong>Timo Koivurova<\/strong><br \/>\nEnvironmental Impact Assessment in the Arctic: A Study of the International Legal Norms Applicable to the Planning Stage of Environmentally Harmful Activities (lectio praecursoria, 24 November 2001) | 439<\/p>\n<p>Statement by <strong>Eric Franckx<\/strong> | 443<strong><br \/>\n<\/strong><\/p>\n<h3>In Memoriam<\/h3>\n<p>Heikki Jokela (<strong>Timo Esko<\/strong>) | 449<\/p>\n<p>Kari Joutsamo (<strong>Heikki Kulla &amp; Kauko Wikstr\u00f6m<\/strong>) | 450<\/p>\n<p>Frank Horn (<strong>Kari Hakap\u00e4\u00e4<\/strong>) | 451<\/p>\n<h3>Recent Practice<\/h3>\n<p><strong>Timo Makkonen<\/strong><br \/>\nCase Note\u2014When Two \u2018Rights\u2019 Made One \u2018Wrong\u2019: The Case of <em>Jokela v. Finland<\/em> | 455<em><br \/>\n<\/em><\/p>\n<p><strong>Anna Sotaniemi<\/strong><br \/>\nElements of Finnish Practice 2001 | 461<\/p>\n<\/div>\n","protected":false},"excerpt":{"rendered":"<p>Symposium: Justice without Borders? Externalizing Criminal Punishment for Past Atrocities Chandra Lekha Sriram &amp; Brad R. Roth (editors) Introduction: Externalization of Justice: What Does It Mean and What Is at Stake? | 3 Amy Ross Geographies of Justice: International Law, National Sovereignty and Human Rights | 7 Brad R. Roth Anti-Sovereigntism, Liberal Messianism, and Excesses &hellip; <a href=\"http:\/\/fsil.fi\/fybil\/volume-12\/\" class=\"more-link\">Continue reading<span class=\"screen-reader-text\"> &#8220;Volume 12 (2001)&#8221;<\/span><\/a><\/p>\n","protected":false},"author":3,"featured_media":0,"parent":0,"menu_order":0,"comment_status":"closed","ping_status":"open","template":"","meta":{"footnotes":""},"class_list":["post-77","page","type-page","status-publish","hentry"],"_links":{"self":[{"href":"http:\/\/fsil.fi\/fybil\/wp-json\/wp\/v2\/pages\/77","targetHints":{"allow":["GET"]}}],"collection":[{"href":"http:\/\/fsil.fi\/fybil\/wp-json\/wp\/v2\/pages"}],"about":[{"href":"http:\/\/fsil.fi\/fybil\/wp-json\/wp\/v2\/types\/page"}],"author":[{"embeddable":true,"href":"http:\/\/fsil.fi\/fybil\/wp-json\/wp\/v2\/users\/3"}],"replies":[{"embeddable":true,"href":"http:\/\/fsil.fi\/fybil\/wp-json\/wp\/v2\/comments?post=77"}],"version-history":[{"count":0,"href":"http:\/\/fsil.fi\/fybil\/wp-json\/wp\/v2\/pages\/77\/revisions"}],"wp:attachment":[{"href":"http:\/\/fsil.fi\/fybil\/wp-json\/wp\/v2\/media?parent=77"}],"curies":[{"name":"wp","href":"https:\/\/api.w.org\/{rel}","templated":true}]}}