{"id":85,"date":"2015-07-06T22:48:51","date_gmt":"2015-07-06T22:48:51","guid":{"rendered":"http:\/\/fsil.fi\/fybil\/?page_id=85"},"modified":"2015-07-06T22:48:51","modified_gmt":"2015-07-06T22:48:51","slug":"volume-10","status":"publish","type":"page","link":"http:\/\/fsil.fi\/fybil\/volume-10\/","title":{"rendered":"Volume 10 (1999)"},"content":{"rendered":"<div class=\"entry-content\">\n<p><strong>Martti Koskenniemi<\/strong><br \/>\nFrom the Editor-in-Chief<\/p>\n<h3>Articles<\/h3>\n<p><strong>Judge C.F. Amerasinghe<\/strong><br \/>\nThe Legality of the Use of or Threat to Use Nuclear Weapons | 5<\/p>\n<p><strong>Kati Kulovesi<\/strong><br \/>\nLegality or Otherwise? Nuclear Weapons and the Strategy of Non Liquet | 55<\/p>\n<p><strong>Outi Korhonen<\/strong><br \/>\nOn Strategizing Justiciability in International Law | 91<\/p>\n<p><strong>Inger \u00d6sterdahl<\/strong><br \/>\nThe Continued Relevance of Collective Security Under the UN: The Security Council: Regional Organizations and the General Assembly | 103<\/p>\n<p><strong>Christopher Greenwood<\/strong><br \/>\nHumanitarian Intervention: The Case of Kosovo | 141<\/p>\n<p><strong>Martti Koskenniemi<\/strong><br \/>\nKosovo etc.: Beyond the Limits of International Law? | 177<\/p>\n<p><strong>Katariina Simonen<\/strong><br \/>\nInternal Conflicts and Protection of Fundamental Human Rights as an Obligation erga omnes 191<\/p>\n<p><strong>Jarna Petman<\/strong><br \/>\nFighting the Evil with International Economic Sanctions | 209<\/p>\n<p><strong>Susanna Sariola<\/strong><br \/>\nReconciling the Freedom of Trade and Environmental Protection in the Framework of the GATT\/WTO | 231<\/p>\n<p><strong>Anu Piilola<\/strong><br \/>\nIs There a Need for Multinational Competition Rules? | 263<\/p>\n<p><strong>Kimmo Nuotio<\/strong><br \/>\nTransforming International Law and Obligations into Finnish Criminal Legislation \u2014 Dragon\u2019s Eggs and Criminal Law Irritants | 325<\/p>\n<p><strong>Sia Spiliopoulou \u00c5kermark<\/strong><br \/>\nReservation Issues in the Mixed Agreements of the European Community | 351<\/p>\n<p><strong>Taina Susiluoto<\/strong><br \/>\nThe Complex Future of US-Russian Nuclear Weapons Relations and Reductions | 389<\/p>\n<p><strong>Vernon Nase<\/strong><br \/>\nInternational Aviation and the Liability for Mental Injury: \u2018Is the Best Really the Enemy of the Good?\u2019 | 409<\/p>\n<h3>Book Reviews &amp; Comments<\/h3>\n<p>Connie Peck &amp; Roy S. Lee (eds), <em>Increasing the Effectiveness of the International Court of Justice, Proceedings of the ICJ\/UNITAR Colloquim to Celebrate the 50th Anniversary of the Court, The Peace Palace, 16\u201318 April 1996<\/em> (<strong>Ruth Donner<\/strong>) | 427<\/p>\n<p>Thomas D. Musgrave, <em>Self-Determination and National Minorities<\/em> (<strong>James J. Summers<\/strong>) | 429<\/p>\n<p>Mauno Koivisto, <em>Witness to History: The Memoirs of Mauno Koivisto, President of Finland 1982\u20131994<\/em> (<strong>Jan Klabbers<\/strong>) |\u00a0 432<\/p>\n<p>Maarit J\u00e4nter\u00e4-Jareborg, <em>Svensk domstol och utl\u00e4ndsk r\u00e4tt: en internationellt privat- och processr\u00e4ttlig studie<\/em> (<strong>Heikki E. S. Mattila<\/strong>) | 436<\/p>\n<p>Matti Tupam\u00e4ki, <em>Valtion rikosoikeudellisen toimivallan ulottuvuus kansainv\u00e4lisess\u00e4 oikeudessa <\/em>(<strong>Jan Klabbers<\/strong>) | 439<\/p>\n<p>Joshua Castellino, <em>International Law and Self-Determination: The Interplay of the Politics of Territorial Possession with Formulations of Post-Colonial \u2018National\u2019 Identity<\/em> (<strong>James J. Summers<\/strong>) | 447<\/p>\n<p>Michael Byers, <em>Custom, Power and the Power of Rules: International Relations and Customary International Law<\/em> (<strong>Jan Klabbers<\/strong>) | 451<\/p>\n<p>Biojurisprudence? A Comment to Professor Tokarczyck (<strong>Juha-Pekka Rentto<\/strong>) | 455<\/p>\n<h3>Recent Developments and State Practice<\/h3>\n<p><strong>Lauri Hannikainen<\/strong><br \/>\nHas Civilian Service Become Punitive in Character since the Changes to the Terms of Military Service in Finland? | 463<\/p>\n<p>International Treaties Which Have Entered into Force for Finland in 1999 | 469<\/p>\n<\/div>\n","protected":false},"excerpt":{"rendered":"<p>Martti Koskenniemi From the Editor-in-Chief Articles Judge C.F. Amerasinghe The Legality of the Use of or Threat to Use Nuclear Weapons | 5 Kati Kulovesi Legality or Otherwise? Nuclear Weapons and the Strategy of Non Liquet | 55 Outi Korhonen On Strategizing Justiciability in International Law | 91 Inger \u00d6sterdahl The Continued Relevance of Collective &hellip; <a href=\"http:\/\/fsil.fi\/fybil\/volume-10\/\" class=\"more-link\">Continue reading<span class=\"screen-reader-text\"> &#8220;Volume 10 (1999)&#8221;<\/span><\/a><\/p>\n","protected":false},"author":3,"featured_media":0,"parent":0,"menu_order":0,"comment_status":"closed","ping_status":"open","template":"","meta":{"footnotes":""},"class_list":["post-85","page","type-page","status-publish","hentry"],"_links":{"self":[{"href":"http:\/\/fsil.fi\/fybil\/wp-json\/wp\/v2\/pages\/85","targetHints":{"allow":["GET"]}}],"collection":[{"href":"http:\/\/fsil.fi\/fybil\/wp-json\/wp\/v2\/pages"}],"about":[{"href":"http:\/\/fsil.fi\/fybil\/wp-json\/wp\/v2\/types\/page"}],"author":[{"embeddable":true,"href":"http:\/\/fsil.fi\/fybil\/wp-json\/wp\/v2\/users\/3"}],"replies":[{"embeddable":true,"href":"http:\/\/fsil.fi\/fybil\/wp-json\/wp\/v2\/comments?post=85"}],"version-history":[{"count":0,"href":"http:\/\/fsil.fi\/fybil\/wp-json\/wp\/v2\/pages\/85\/revisions"}],"wp:attachment":[{"href":"http:\/\/fsil.fi\/fybil\/wp-json\/wp\/v2\/media?parent=85"}],"curies":[{"name":"wp","href":"https:\/\/api.w.org\/{rel}","templated":true}]}}