{"id":10,"date":"2015-07-05T03:39:23","date_gmt":"2015-07-05T03:39:23","guid":{"rendered":"http:\/\/fsil.fi\/fybil\/?page_id=10"},"modified":"2018-01-15T13:29:21","modified_gmt":"2018-01-15T13:29:21","slug":"advisory-boards","status":"publish","type":"page","link":"https:\/\/fsil.fi\/fybil\/advisory-boards\/","title":{"rendered":"Advisory Boards"},"content":{"rendered":"<h3>Editorial Advisory Board<\/h3>\n<p>Jarna Petman<em>, Chair<\/em><br \/>\nRuth Donner<br \/>\nKari Hakap\u00e4\u00e4<br \/>\nLauri Hannikainen<br \/>\nP\u00e4ivi Kaukoranta<br \/>\nEsko Kiuru<br \/>\nOuti Korhonen<br \/>\nMartti Koskenniemi<br \/>\nErkki Kourula<br \/>\nPirkko Kourula<br \/>\nRaimo Lahti<br \/>\nMarja Lehto<br \/>\nAri-Matti Nuutila<br \/>\nEsa Paasivirta<br \/>\nAllan Rosas<br \/>\nHolger Rotkirch<br \/>\nMartin Scheinin<br \/>\nMarkku Suksi<\/p>\n<h3>International Advisory Board<\/h3>\n<p>Bengt Broms, <em>Chair<\/em><br \/>\nOve Bring<br \/>\nChristine Chinkin<br \/>\nJames Crawford<br \/>\nVladimir-Djuro Degan<br \/>\nChristian Dominic\u00e9<br \/>\nVladim\u00edr Kopal<br \/>\nAnne Orford<br \/>\nBruno Simma<br \/>\nSir Ian Sinclair\u2020<br \/>\nHugh W. A. Thirlway<\/p>\n<h3>Honorary Board<\/h3>\n<p>Kari T. Takamaa, <em>Chair<\/em><br \/>\nVeijo Heiskanen<br \/>\nJuhani Kortteinen<br \/>\nPaavo Kotiaho<br \/>\nTuomas Kuokkanen<br \/>\nJuhani Parkkari<br \/>\nJarna Petman<br \/>\nRitva Saario<br \/>\nMatti Tupam\u00e4ki<\/p>\n","protected":false},"excerpt":{"rendered":"<p>Editorial Advisory Board Jarna Petman, Chair Ruth Donner Kari Hakap\u00e4\u00e4 Lauri Hannikainen P\u00e4ivi Kaukoranta Esko Kiuru Outi Korhonen Martti Koskenniemi Erkki Kourula Pirkko Kourula Raimo Lahti Marja Lehto Ari-Matti Nuutila Esa Paasivirta Allan Rosas Holger Rotkirch Martin Scheinin Markku Suksi International Advisory Board Bengt Broms, Chair Ove Bring Christine Chinkin James Crawford Vladimir-Djuro Degan Christian &hellip; <a href=\"https:\/\/fsil.fi\/fybil\/advisory-boards\/\" class=\"more-link\">Continue reading<span class=\"screen-reader-text\"> &#8220;Advisory Boards&#8221;<\/span><\/a><\/p>\n","protected":false},"author":3,"featured_media":0,"parent":0,"menu_order":5,"comment_status":"closed","ping_status":"closed","template":"","meta":{"footnotes":""},"class_list":["post-10","page","type-page","status-publish","hentry"],"_links":{"self":[{"href":"https:\/\/fsil.fi\/fybil\/wp-json\/wp\/v2\/pages\/10","targetHints":{"allow":["GET"]}}],"collection":[{"href":"https:\/\/fsil.fi\/fybil\/wp-json\/wp\/v2\/pages"}],"about":[{"href":"https:\/\/fsil.fi\/fybil\/wp-json\/wp\/v2\/types\/page"}],"author":[{"embeddable":true,"href":"https:\/\/fsil.fi\/fybil\/wp-json\/wp\/v2\/users\/3"}],"replies":[{"embeddable":true,"href":"https:\/\/fsil.fi\/fybil\/wp-json\/wp\/v2\/comments?post=10"}],"version-history":[{"count":2,"href":"https:\/\/fsil.fi\/fybil\/wp-json\/wp\/v2\/pages\/10\/revisions"}],"predecessor-version":[{"id":344,"href":"https:\/\/fsil.fi\/fybil\/wp-json\/wp\/v2\/pages\/10\/revisions\/344"}],"wp:attachment":[{"href":"https:\/\/fsil.fi\/fybil\/wp-json\/wp\/v2\/media?parent=10"}],"curies":[{"name":"wp","href":"https:\/\/api.w.org\/{rel}","templated":true}]}}