{"id":8,"date":"2015-07-05T03:38:00","date_gmt":"2015-07-05T03:38:00","guid":{"rendered":"http:\/\/fsil.fi\/fybil\/?page_id=8"},"modified":"2018-01-15T13:29:50","modified_gmt":"2018-01-15T13:29:50","slug":"editorial-board","status":"publish","type":"page","link":"https:\/\/fsil.fi\/fybil\/editorial-board\/","title":{"rendered":"Editorial Board"},"content":{"rendered":"<h3>Editor-in-Chief<\/h3>\n<p>Tuomas Tiittala<\/p>\n<h3>Special Section Editor<\/h3>\n<p>Mehrnoosh Farzamfar<\/p>\n<h3>Editors<\/h3>\n<p>Paolo Amorosa<br \/>\nTero Kivinen<br \/>\nIuliana-Raluca Luca<br \/>\nWalter Rech<br \/>\nUkri Soirila<br \/>\nJanne Valo<\/p>\n<h3>Associate Editors<\/h3>\n<p>Juho Aalto<br \/>\nMar\u00eda Jos\u00e9 Belmonte S\u00e1nchez<br \/>\nHeta Heiskanen<br \/>\nSusanna Kaavi<br \/>\nKristiina Honko<br \/>\nLaura Kirvesniemi<br \/>\nJens Kremer<br \/>\nTero Lundstedt<br \/>\nLiisa Oravisto<br \/>\nKatariina Paakkanen<br \/>\nJaana Palander<br \/>\nOlivia Packal\u00e9n-Peltola<br \/>\nOuti Penttil\u00e4<br \/>\nEli\u0161ka P\u00edrkov\u00e1<br \/>\nCecilia Pellosniemi<br \/>\nVasilena Savova<br \/>\nDavid Scott<\/p>\n<h3>Marketing<\/h3>\n<p>Juho Aalto<\/p>\n","protected":false},"excerpt":{"rendered":"<p>Editor-in-Chief Tuomas Tiittala Special Section Editor Mehrnoosh Farzamfar Editors Paolo Amorosa Tero Kivinen Iuliana-Raluca Luca Walter Rech Ukri Soirila Janne Valo Associate Editors Juho Aalto Mar\u00eda Jos\u00e9 Belmonte S\u00e1nchez Heta Heiskanen Susanna Kaavi Kristiina Honko Laura Kirvesniemi Jens Kremer Tero Lundstedt Liisa Oravisto Katariina Paakkanen Jaana Palander Olivia Packal\u00e9n-Peltola Outi Penttil\u00e4 Eli\u0161ka P\u00edrkov\u00e1 Cecilia Pellosniemi &hellip; <a href=\"https:\/\/fsil.fi\/fybil\/editorial-board\/\" class=\"more-link\">Continue reading<span class=\"screen-reader-text\"> &#8220;Editorial Board&#8221;<\/span><\/a><\/p>\n","protected":false},"author":3,"featured_media":0,"parent":0,"menu_order":4,"comment_status":"closed","ping_status":"closed","template":"","meta":{"footnotes":""},"class_list":["post-8","page","type-page","status-publish","hentry"],"_links":{"self":[{"href":"https:\/\/fsil.fi\/fybil\/wp-json\/wp\/v2\/pages\/8","targetHints":{"allow":["GET"]}}],"collection":[{"href":"https:\/\/fsil.fi\/fybil\/wp-json\/wp\/v2\/pages"}],"about":[{"href":"https:\/\/fsil.fi\/fybil\/wp-json\/wp\/v2\/types\/page"}],"author":[{"embeddable":true,"href":"https:\/\/fsil.fi\/fybil\/wp-json\/wp\/v2\/users\/3"}],"replies":[{"embeddable":true,"href":"https:\/\/fsil.fi\/fybil\/wp-json\/wp\/v2\/comments?post=8"}],"version-history":[{"count":11,"href":"https:\/\/fsil.fi\/fybil\/wp-json\/wp\/v2\/pages\/8\/revisions"}],"predecessor-version":[{"id":345,"href":"https:\/\/fsil.fi\/fybil\/wp-json\/wp\/v2\/pages\/8\/revisions\/345"}],"wp:attachment":[{"href":"https:\/\/fsil.fi\/fybil\/wp-json\/wp\/v2\/media?parent=8"}],"curies":[{"name":"wp","href":"https:\/\/api.w.org\/{rel}","templated":true}]}}